{"id":1975,"date":"2024-09-25T23:01:00","date_gmt":"2024-09-26T04:01:00","guid":{"rendered":"https:\/\/www.coopserp.com\/alterno\/?page_id=1975"},"modified":"2025-10-03T09:07:55","modified_gmt":"2025-10-03T14:07:55","slug":"tasas-de-interes","status":"publish","type":"page","link":"https:\/\/www.coopserp.com\/alterno\/tasas-de-interes\/","title":{"rendered":"Tasas de interes"},"content":{"rendered":"<h2 style=\"text-align: center;\">Vigilado por la Superintendencia de la Econom\u00eda Solidaria Nivel 1 COOPERATIVADESERVIDORESP\u00daBLICOSYJUBILADOSDECOLOMBIA<\/h2>\n<p>Seg\u00fan resoluci\u00f3n No. 1821 del 30 de Septiembre de 2025 mediante la cual la Superintendencia Financiera certifica el inter\u00e9s bancario corriente para el periodo comprendido entre el 01 de Octubre de 2025 y el 31 de Octubre de 2025 por 16,24 % E.A. quedando las tasas de inter\u00e9s de la siguiente manera:<br \/>\nTASA DE USURA PERMITIDA MES VENCIDO: 1,833% TASA DE USURA EFECTIVA ANUAL: 24,36%<br \/>\nTASA NOMINAL ANUAL: 22,00%<\/p>\n<p>El Consejo de Administraci\u00f3n de la Cooperativa de Servidores P\u00fablicos y Jubilados de Colombia COOPSERP COLOMBIA, conforme a lo establecido por la entidad competente determina para el periodo comprendido del 01 al 31 de Octubre de 2025 las siguientes tasas de inter\u00e9s:<\/p>\n<p><img decoding=\"async\" class=\"aligncenter wp-image-2975 size-full\" src=\"https:\/\/www.coopserp.com\/alterno\/wp-content\/uploads\/2025\/09\/TASAS-SEPTIEMBRE-2025.png\" alt=\"\" width=\"100%\" height=\"100%\" srcset=\"https:\/\/www.coopserp.com\/alterno\/wp-content\/uploads\/2025\/09\/TASAS-SEPTIEMBRE-2025.png 1464w, https:\/\/www.coopserp.com\/alterno\/wp-content\/uploads\/2025\/09\/TASAS-SEPTIEMBRE-2025-178x300.png 178w, https:\/\/www.coopserp.com\/alterno\/wp-content\/uploads\/2025\/09\/TASAS-SEPTIEMBRE-2025-608x1024.png 608w, https:\/\/www.coopserp.com\/alterno\/wp-content\/uploads\/2025\/09\/TASAS-SEPTIEMBRE-2025-768x1293.png 768w, https:\/\/www.coopserp.com\/alterno\/wp-content\/uploads\/2025\/09\/TASAS-SEPTIEMBRE-2025-913x1536.png 913w, https:\/\/www.coopserp.com\/alterno\/wp-content\/uploads\/2025\/09\/TASAS-SEPTIEMBRE-2025-1217x2048.png 1217w\" sizes=\"(max-width: 1464px) 100vw, 1464px\" \/><\/p>\n<p>Inter\u00e9s por Mora Septiembre de 2025: 1,87%<br \/>\nL\u00ednea 65: Veh\u00edculo Nuevo de Concesionario Carro, Moto, Moto El\u00e9ctrica, Patineta El\u00e9ctrica o Bicicleta El\u00e9ctrica.<br \/>\nL\u00ednea 78 Binaria, se requiere Score para ambos asociados mayor de (650).<br \/>\nL\u00ednea79 Habilitada con autorizaci\u00f3n de DG de acuerdo con los Criterios y par\u00e1metros exigidos,<br \/>\nL\u00ednea 84 Plazo 36Meses.Se ampl\u00eda con Autorizaci\u00f3n hasta 40 meses.<br \/>\nL\u00ednea 87monto m\u00e1ximo para monto m\u00e1ximo a DESEMBOLSAR$3.000.000=.<br \/>\nL\u00ednea 88 Plazo 36 Meses. Se ampl\u00eda con Autorizaci\u00f3n hasta 60 meses.<br \/>\nL\u00ednea 94dirigirsealManual de Cr\u00e9ditos.<br \/>\nPara el mes de septiembre de 2025, SE AUTORIZAN RECOGIDS INTERNAS CREDITOS CUALQUIER MONTO.<\/p>\n<p>&nbsp;<\/p>\n<p>&nbsp;<\/p>\n<h3><strong>GLORIA ELENA GIRALDO SALAZAR<\/strong><\/h3>\n<h3>Presidente del Consejo de Administraci\u00f3n<\/h3>\n<h3>COOPSERP COLOMBIA<\/h3>\n","protected":false},"excerpt":{"rendered":"<p>Vigilado por la Superintendencia de la Econom\u00eda Solidaria Nivel 1 COOPERATIVADESERVIDORESP\u00daBLICOSYJUBILADOSDECOLOMBIA Seg\u00fan resoluci\u00f3n No. 1821 del 30 de Septiembre de 2025 mediante la cual la Superintendencia Financiera certifica el inter\u00e9s bancario corriente para el periodo comprendido entre el 01 de Octubre de 2025 y el 31 de Octubre de 2025 por 16,24 % E.A. quedando [&hellip;]<\/p>\n","protected":false},"author":2,"featured_media":0,"parent":0,"menu_order":0,"comment_status":"closed","ping_status":"closed","template":"","meta":{"footnotes":""},"class_list":["post-1975","page","type-page","status-publish","hentry"],"_links":{"self":[{"href":"https:\/\/www.coopserp.com\/alterno\/wp-json\/wp\/v2\/pages\/1975","targetHints":{"allow":["GET"]}}],"collection":[{"href":"https:\/\/www.coopserp.com\/alterno\/wp-json\/wp\/v2\/pages"}],"about":[{"href":"https:\/\/www.coopserp.com\/alterno\/wp-json\/wp\/v2\/types\/page"}],"author":[{"embeddable":true,"href":"https:\/\/www.coopserp.com\/alterno\/wp-json\/wp\/v2\/users\/2"}],"replies":[{"embeddable":true,"href":"https:\/\/www.coopserp.com\/alterno\/wp-json\/wp\/v2\/comments?post=1975"}],"version-history":[{"count":108,"href":"https:\/\/www.coopserp.com\/alterno\/wp-json\/wp\/v2\/pages\/1975\/revisions"}],"predecessor-version":[{"id":2982,"href":"https:\/\/www.coopserp.com\/alterno\/wp-json\/wp\/v2\/pages\/1975\/revisions\/2982"}],"wp:attachment":[{"href":"https:\/\/www.coopserp.com\/alterno\/wp-json\/wp\/v2\/media?parent=1975"}],"curies":[{"name":"wp","href":"https:\/\/api.w.org\/{rel}","templated":true}]}}